{"id":980,"date":"2025-01-31T03:09:18","date_gmt":"2025-01-31T03:09:18","guid":{"rendered":"https:\/\/sectec.ec\/?page_id=980"},"modified":"2025-01-31T03:55:45","modified_gmt":"2025-01-31T03:55:45","slug":"blog","status":"publish","type":"page","link":"https:\/\/sectec.ec\/index.php\/blog\/","title":{"rendered":"Blog"},"content":{"rendered":"\t\t<div data-elementor-type=\"wp-page\" data-elementor-id=\"980\" class=\"elementor elementor-980\" data-elementor-post-type=\"page\">\n\t\t\t\t<div class=\"elementor-element elementor-element-a335620 e-grid e-con-full e-con e-parent\" data-id=\"a335620\" data-element_type=\"container\" data-settings=\"{&quot;background_background&quot;:&quot;classic&quot;}\">\n\t\t\t\t<div class=\"elementor-element elementor-element-93f7729 elementor-widget elementor-widget-heading\" data-id=\"93f7729\" data-element_type=\"widget\" data-widget_type=\"heading.default\">\n\t\t\t\t<div class=\"elementor-widget-container\">\n\t\t\t\t\t<h1 class=\"elementor-heading-title elementor-size-default\">Noticias<\/h1>\t\t\t\t<\/div>\n\t\t\t\t<\/div>\n\t\t\t\t<\/div>\n\t\t<div class=\"elementor-element elementor-element-dd483fa e-flex e-con-boxed e-con e-parent\" data-id=\"dd483fa\" data-element_type=\"container\">\n\t\t\t\t\t<div class=\"e-con-inner\">\n\t\t\t\t<div class=\"elementor-element elementor-element-d6185a7 elementor-widget-divider--view-line elementor-widget elementor-widget-divider\" data-id=\"d6185a7\" data-element_type=\"widget\" data-widget_type=\"divider.default\">\n\t\t\t\t<div class=\"elementor-widget-container\">\n\t\t\t\t\t\t\t<div class=\"elementor-divider\">\n\t\t\t<span class=\"elementor-divider-separator\">\n\t\t\t\t\t\t<\/span>\n\t\t<\/div>\n\t\t\t\t\t\t<\/div>\n\t\t\t\t<\/div>\n\t\t\t\t\t<\/div>\n\t\t\t\t<\/div>\n\t\t<div class=\"elementor-element elementor-element-dbee4da e-flex e-con-boxed e-con e-parent\" data-id=\"dbee4da\" data-element_type=\"container\">\n\t\t\t\t\t<div class=\"e-con-inner\">\n\t\t\t\t<div class=\"elementor-element elementor-element-fd9ca58 elementor-grid-3 elementor-grid-tablet-2 elementor-grid-mobile-1 elementor-posts--thumbnail-top elementor-posts--show-avatar elementor-card-shadow-yes elementor-posts__hover-gradient elementor-widget elementor-widget-posts\" data-id=\"fd9ca58\" data-element_type=\"widget\" data-settings=\"{&quot;pagination_type&quot;:&quot;numbers&quot;,&quot;cards_columns&quot;:&quot;3&quot;,&quot;cards_columns_tablet&quot;:&quot;2&quot;,&quot;cards_columns_mobile&quot;:&quot;1&quot;,&quot;cards_row_gap&quot;:{&quot;unit&quot;:&quot;px&quot;,&quot;size&quot;:35,&quot;sizes&quot;:[]},&quot;cards_row_gap_tablet&quot;:{&quot;unit&quot;:&quot;px&quot;,&quot;size&quot;:&quot;&quot;,&quot;sizes&quot;:[]},&quot;cards_row_gap_mobile&quot;:{&quot;unit&quot;:&quot;px&quot;,&quot;size&quot;:&quot;&quot;,&quot;sizes&quot;:[]}}\" data-widget_type=\"posts.cards\">\n\t\t\t\t<div class=\"elementor-widget-container\">\n\t\t\t\t\t\t\t<div class=\"elementor-posts-container elementor-posts elementor-posts--skin-cards elementor-grid\">\n\t\t\t\t<article class=\"elementor-post elementor-grid-item post-1372 post type-post status-publish format-standard has-post-thumbnail hentry category-seguridad tag-camaras tag-seguridad tag-vigilancia\">\n\t\t\t<div class=\"elementor-post__card\">\n\t\t\t\t<a class=\"elementor-post__thumbnail__link\" href=\"https:\/\/sectec.ec\/index.php\/2025\/06\/02\/camaras-de-seguridad-cableadas-o-inalambricas-cual-es-la-adecuada-para-ti\/\" tabindex=\"-1\" ><div class=\"elementor-post__thumbnail\"><img fetchpriority=\"high\" decoding=\"async\" width=\"300\" height=\"254\" src=\"https:\/\/sectec.ec\/wp-content\/uploads\/2025\/06\/blog_cableada_inhalambrica-300x254.jpg\" class=\"attachment-medium size-medium wp-image-1380\" alt=\"\" srcset=\"https:\/\/sectec.ec\/wp-content\/uploads\/2025\/06\/blog_cableada_inhalambrica-300x254.jpg 300w, https:\/\/sectec.ec\/wp-content\/uploads\/2025\/06\/blog_cableada_inhalambrica-1024x866.jpg 1024w, https:\/\/sectec.ec\/wp-content\/uploads\/2025\/06\/blog_cableada_inhalambrica-768x650.jpg 768w, https:\/\/sectec.ec\/wp-content\/uploads\/2025\/06\/blog_cableada_inhalambrica.jpg 1084w\" sizes=\"(max-width: 300px) 100vw, 300px\" \/><\/div><\/a>\n\t\t\t\t<div class=\"elementor-post__badge\">seguridad<\/div>\n\t\t\t\t<div class=\"elementor-post__avatar\">\n\t\t\t<img alt='admin' src='https:\/\/secure.gravatar.com\/avatar\/54a897b740b8ab330ae0666f82dd3a19b8b228f82bdb1eac2ce8c3386100e927?s=128&#038;d=mm&#038;r=g' srcset='https:\/\/secure.gravatar.com\/avatar\/54a897b740b8ab330ae0666f82dd3a19b8b228f82bdb1eac2ce8c3386100e927?s=256&#038;d=mm&#038;r=g 2x' class='avatar avatar-128 photo' height='128' width='128' \/>\t\t<\/div>\n\t\t\t\t<div class=\"elementor-post__text\">\n\t\t\t\t<h3 class=\"elementor-post__title\">\n\t\t\t<a href=\"https:\/\/sectec.ec\/index.php\/2025\/06\/02\/camaras-de-seguridad-cableadas-o-inalambricas-cual-es-la-adecuada-para-ti\/\" >\n\t\t\t\tC\u00e1maras de seguridad cableadas o inal\u00e1mbricas: \u00bfcu\u00e1l es la adecuada para ti?\t\t\t<\/a>\n\t\t<\/h3>\n\t\t\t\t<div class=\"elementor-post__excerpt\">\n\t\t\t<p>\u00bfEst\u00e1 pensando en instalar una c\u00e1mara de seguridad en su casa o negocio? Cuando se trata de c\u00e1maras de seguridad, es importante tener en cuenta las caracter\u00edsticas y capacidades de los modelos inal\u00e1mbricos y con cable. Con esta gu\u00eda exploraremos ambas opciones para ayudarte a a seleccionar la c\u00e1mara de seguridad que mejor se adapte<\/p>\n\t\t<\/div>\n\t\t\n\t\t<a class=\"elementor-post__read-more\" href=\"https:\/\/sectec.ec\/index.php\/2025\/06\/02\/camaras-de-seguridad-cableadas-o-inalambricas-cual-es-la-adecuada-para-ti\/\" aria-label=\"Read more about C\u00e1maras de seguridad cableadas o inal\u00e1mbricas: \u00bfcu\u00e1l es la adecuada para ti?\" tabindex=\"-1\" >\n\t\t\tLeer m\u00e1s \u00bb\t\t<\/a>\n\n\t\t\t\t<\/div>\n\t\t\t\t<div class=\"elementor-post__meta-data\">\n\t\t\t\t\t<span class=\"elementor-post-date\">\n\t\t\tjunio 2, 2025\t\t<\/span>\n\t\t\t\t<span class=\"elementor-post-avatar\">\n\t\t\tNo hay comentarios\t\t<\/span>\n\t\t\t\t<\/div>\n\t\t\t\t\t<\/div>\n\t\t<\/article>\n\t\t\t\t<article class=\"elementor-post elementor-grid-item post-1015 post type-post status-publish format-standard has-post-thumbnail hentry category-seguridad tag-camaras tag-seguridad tag-vigilancia\">\n\t\t\t<div class=\"elementor-post__card\">\n\t\t\t\t<a class=\"elementor-post__thumbnail__link\" href=\"https:\/\/sectec.ec\/index.php\/2025\/01\/31\/que-tan-seguro-es-la-navegacion-incognita-2\/\" tabindex=\"-1\" ><div class=\"elementor-post__thumbnail\"><img decoding=\"async\" width=\"300\" height=\"169\" src=\"https:\/\/sectec.ec\/wp-content\/uploads\/2025\/01\/244-camaras-de-vigilancia-para-exterior-seguridad-para-hogar-y-negocio-big.png-300x169.webp\" class=\"attachment-medium size-medium wp-image-1016\" alt=\"\" srcset=\"https:\/\/sectec.ec\/wp-content\/uploads\/2025\/01\/244-camaras-de-vigilancia-para-exterior-seguridad-para-hogar-y-negocio-big.png-300x169.webp 300w, https:\/\/sectec.ec\/wp-content\/uploads\/2025\/01\/244-camaras-de-vigilancia-para-exterior-seguridad-para-hogar-y-negocio-big.png-768x432.webp 768w, https:\/\/sectec.ec\/wp-content\/uploads\/2025\/01\/244-camaras-de-vigilancia-para-exterior-seguridad-para-hogar-y-negocio-big.png.webp 800w\" sizes=\"(max-width: 300px) 100vw, 300px\" \/><\/div><\/a>\n\t\t\t\t<div class=\"elementor-post__badge\">seguridad<\/div>\n\t\t\t\t<div class=\"elementor-post__avatar\">\n\t\t\t<img alt='admin' src='https:\/\/secure.gravatar.com\/avatar\/54a897b740b8ab330ae0666f82dd3a19b8b228f82bdb1eac2ce8c3386100e927?s=128&#038;d=mm&#038;r=g' srcset='https:\/\/secure.gravatar.com\/avatar\/54a897b740b8ab330ae0666f82dd3a19b8b228f82bdb1eac2ce8c3386100e927?s=256&#038;d=mm&#038;r=g 2x' class='avatar avatar-128 photo' height='128' width='128' \/>\t\t<\/div>\n\t\t\t\t<div class=\"elementor-post__text\">\n\t\t\t\t<h3 class=\"elementor-post__title\">\n\t\t\t<a href=\"https:\/\/sectec.ec\/index.php\/2025\/01\/31\/que-tan-seguro-es-la-navegacion-incognita-2\/\" >\n\t\t\t\tC\u00e1maras de vigilancia para exterior: Seguridad para hogar y negocio\t\t\t<\/a>\n\t\t<\/h3>\n\t\t\t\t<div class=\"elementor-post__excerpt\">\n\t\t\t<p>C\u00e1maras de vigilancia para exterior, \u00bfcu\u00e1l elegir? puntos clave para acertar Estamos en un mundo, donde la seguridad es cada vez m\u00e1s importante, por lo que las c\u00e1maras de vigilancia para exterior se han convertido en una herramienta esencial para proteger nuestros hogares y negocios. Estos dispositivos no solo disuaden a posibles intrusos, sino que<\/p>\n\t\t<\/div>\n\t\t\n\t\t<a class=\"elementor-post__read-more\" href=\"https:\/\/sectec.ec\/index.php\/2025\/01\/31\/que-tan-seguro-es-la-navegacion-incognita-2\/\" aria-label=\"Read more about C\u00e1maras de vigilancia para exterior: Seguridad para hogar y negocio\" tabindex=\"-1\" >\n\t\t\tLeer m\u00e1s \u00bb\t\t<\/a>\n\n\t\t\t\t<\/div>\n\t\t\t\t<div class=\"elementor-post__meta-data\">\n\t\t\t\t\t<span class=\"elementor-post-date\">\n\t\t\tenero 31, 2025\t\t<\/span>\n\t\t\t\t<span class=\"elementor-post-avatar\">\n\t\t\tNo hay comentarios\t\t<\/span>\n\t\t\t\t<\/div>\n\t\t\t\t\t<\/div>\n\t\t<\/article>\n\t\t\t\t<article class=\"elementor-post elementor-grid-item post-1001 post type-post status-publish format-standard has-post-thumbnail hentry category-seguridad tag-computacion tag-seguridad\">\n\t\t\t<div class=\"elementor-post__card\">\n\t\t\t\t<a class=\"elementor-post__thumbnail__link\" href=\"https:\/\/sectec.ec\/index.php\/2025\/01\/31\/que-tan-seguro-es-la-navegacion-incognita\/\" tabindex=\"-1\" ><div class=\"elementor-post__thumbnail\"><img decoding=\"async\" width=\"300\" height=\"200\" src=\"https:\/\/sectec.ec\/wp-content\/uploads\/2025\/01\/tendencias-en-ciberseguridad-2025-300x200.jpg\" class=\"attachment-medium size-medium wp-image-1002\" alt=\"\" srcset=\"https:\/\/sectec.ec\/wp-content\/uploads\/2025\/01\/tendencias-en-ciberseguridad-2025-300x200.jpg 300w, https:\/\/sectec.ec\/wp-content\/uploads\/2025\/01\/tendencias-en-ciberseguridad-2025-1024x684.jpg 1024w, https:\/\/sectec.ec\/wp-content\/uploads\/2025\/01\/tendencias-en-ciberseguridad-2025-768x513.jpg 768w, https:\/\/sectec.ec\/wp-content\/uploads\/2025\/01\/tendencias-en-ciberseguridad-2025.jpg 1200w\" sizes=\"(max-width: 300px) 100vw, 300px\" \/><\/div><\/a>\n\t\t\t\t<div class=\"elementor-post__badge\">seguridad<\/div>\n\t\t\t\t<div class=\"elementor-post__avatar\">\n\t\t\t<img alt='admin' src='https:\/\/secure.gravatar.com\/avatar\/54a897b740b8ab330ae0666f82dd3a19b8b228f82bdb1eac2ce8c3386100e927?s=128&#038;d=mm&#038;r=g' srcset='https:\/\/secure.gravatar.com\/avatar\/54a897b740b8ab330ae0666f82dd3a19b8b228f82bdb1eac2ce8c3386100e927?s=256&#038;d=mm&#038;r=g 2x' class='avatar avatar-128 photo' height='128' width='128' \/>\t\t<\/div>\n\t\t\t\t<div class=\"elementor-post__text\">\n\t\t\t\t<h3 class=\"elementor-post__title\">\n\t\t\t<a href=\"https:\/\/sectec.ec\/index.php\/2025\/01\/31\/que-tan-seguro-es-la-navegacion-incognita\/\" >\n\t\t\t\tQue tan seguro es la navegaci\u00f3n incognita\t\t\t<\/a>\n\t\t<\/h3>\n\t\t\t\t<div class=\"elementor-post__excerpt\">\n\t\t\t<p>Este 2024 diferentes tendencias de ciberseguridad como el crecimiento del malware as a Service, que facilit\u00f3 el despliegue de ataques a gran escala, el uso de Telegram por parte de cibercriminales, as\u00ed como el ransomware como una de las amenazas m\u00e1s preocupantes a nivel empresarial y gubernamental, marcaron la agenda. Partiendo de este contexto y<\/p>\n\t\t<\/div>\n\t\t\n\t\t<a class=\"elementor-post__read-more\" href=\"https:\/\/sectec.ec\/index.php\/2025\/01\/31\/que-tan-seguro-es-la-navegacion-incognita\/\" aria-label=\"Read more about Que tan seguro es la navegaci\u00f3n incognita\" tabindex=\"-1\" >\n\t\t\tLeer m\u00e1s \u00bb\t\t<\/a>\n\n\t\t\t\t<\/div>\n\t\t\t\t<div class=\"elementor-post__meta-data\">\n\t\t\t\t\t<span class=\"elementor-post-date\">\n\t\t\tenero 31, 2025\t\t<\/span>\n\t\t\t\t<span class=\"elementor-post-avatar\">\n\t\t\tNo hay comentarios\t\t<\/span>\n\t\t\t\t<\/div>\n\t\t\t\t\t<\/div>\n\t\t<\/article>\n\t\t\t\t<article class=\"elementor-post elementor-grid-item post-1 post type-post status-publish format-standard hentry category-uncategorized\">\n\t\t\t<div class=\"elementor-post__card\">\n\t\t\t\t<div class=\"elementor-post__text\">\n\t\t\t\t<h3 class=\"elementor-post__title\">\n\t\t\t<a href=\"https:\/\/sectec.ec\/index.php\/2024\/12\/13\/hello-world\/\" >\n\t\t\t\tHello world!\t\t\t<\/a>\n\t\t<\/h3>\n\t\t\t\t<div class=\"elementor-post__excerpt\">\n\t\t\t<p>Welcome to WordPress. This is your first post. Edit or delete it, then start writing!<\/p>\n\t\t<\/div>\n\t\t\n\t\t<a class=\"elementor-post__read-more\" href=\"https:\/\/sectec.ec\/index.php\/2024\/12\/13\/hello-world\/\" aria-label=\"Read more about Hello world!\" tabindex=\"-1\" >\n\t\t\tLeer m\u00e1s \u00bb\t\t<\/a>\n\n\t\t\t\t<\/div>\n\t\t\t\t<div class=\"elementor-post__meta-data\">\n\t\t\t\t\t<span class=\"elementor-post-date\">\n\t\t\tdiciembre 13, 2024\t\t<\/span>\n\t\t\t\t<span class=\"elementor-post-avatar\">\n\t\t\t1 comentario\t\t<\/span>\n\t\t\t\t<\/div>\n\t\t\t\t\t<\/div>\n\t\t<\/article>\n\t\t\t\t<\/div>\n\t\t\n\t\t\t\t\t\t<\/div>\n\t\t\t\t<\/div>\n\t\t\t\t\t<\/div>\n\t\t\t\t<\/div>\n\t\t\t\t<\/div>\n\t\t","protected":false},"excerpt":{"rendered":"<p>Noticias<\/p>\n","protected":false},"author":1,"featured_media":0,"parent":0,"menu_order":0,"comment_status":"closed","ping_status":"closed","template":"elementor_header_footer","meta":{"site-sidebar-layout":"no-sidebar","site-content-layout":"page-builder","ast-site-content-layout":"full-width-container","site-content-style":"default","site-sidebar-style":"default","ast-global-header-display":"","ast-banner-title-visibility":"","ast-main-header-display":"","ast-hfb-above-header-display":"","ast-hfb-below-header-display":"","ast-hfb-mobile-header-display":"","site-post-title":"disabled","ast-breadcrumbs-content":"","ast-featured-img":"disabled","footer-sml-layout":"","theme-transparent-header-meta":"","adv-header-id-meta":"","stick-header-meta":"","header-above-stick-meta":"","header-main-stick-meta":"","header-below-stick-meta":"","astra-migrate-meta-layouts":"set","ast-page-background-enabled":"default","ast-page-background-meta":{"desktop":{"background-color":"var(--ast-global-color-4)","background-image":"","background-repeat":"repeat","background-position":"center center","background-size":"auto","background-attachment":"scroll","background-type":"","background-media":"","overlay-type":"","overlay-color":"","overlay-opacity":"","overlay-gradient":""},"tablet":{"background-color":"","background-image":"","background-repeat":"repeat","background-position":"center center","background-size":"auto","background-attachment":"scroll","background-type":"","background-media":"","overlay-type":"","overlay-color":"","overlay-opacity":"","overlay-gradient":""},"mobile":{"background-color":"","background-image":"","background-repeat":"repeat","background-position":"center center","background-size":"auto","background-attachment":"scroll","background-type":"","background-media":"","overlay-type":"","overlay-color":"","overlay-opacity":"","overlay-gradient":""}},"ast-content-background-meta":{"desktop":{"background-color":"var(--ast-global-color-5)","background-image":"","background-repeat":"repeat","background-position":"center center","background-size":"auto","background-attachment":"scroll","background-type":"","background-media":"","overlay-type":"","overlay-color":"","overlay-opacity":"","overlay-gradient":""},"tablet":{"background-color":"var(--ast-global-color-5)","background-image":"","background-repeat":"repeat","background-position":"center center","background-size":"auto","background-attachment":"scroll","background-type":"","background-media":"","overlay-type":"","overlay-color":"","overlay-opacity":"","overlay-gradient":""},"mobile":{"background-color":"var(--ast-global-color-5)","background-image":"","background-repeat":"repeat","background-position":"center center","background-size":"auto","background-attachment":"scroll","background-type":"","background-media":"","overlay-type":"","overlay-color":"","overlay-opacity":"","overlay-gradient":""}},"footnotes":""},"class_list":["post-980","page","type-page","status-publish","hentry"],"_links":{"self":[{"href":"https:\/\/sectec.ec\/index.php\/wp-json\/wp\/v2\/pages\/980","targetHints":{"allow":["GET"]}}],"collection":[{"href":"https:\/\/sectec.ec\/index.php\/wp-json\/wp\/v2\/pages"}],"about":[{"href":"https:\/\/sectec.ec\/index.php\/wp-json\/wp\/v2\/types\/page"}],"author":[{"embeddable":true,"href":"https:\/\/sectec.ec\/index.php\/wp-json\/wp\/v2\/users\/1"}],"replies":[{"embeddable":true,"href":"https:\/\/sectec.ec\/index.php\/wp-json\/wp\/v2\/comments?post=980"}],"version-history":[{"count":28,"href":"https:\/\/sectec.ec\/index.php\/wp-json\/wp\/v2\/pages\/980\/revisions"}],"predecessor-version":[{"id":1021,"href":"https:\/\/sectec.ec\/index.php\/wp-json\/wp\/v2\/pages\/980\/revisions\/1021"}],"wp:attachment":[{"href":"https:\/\/sectec.ec\/index.php\/wp-json\/wp\/v2\/media?parent=980"}],"curies":[{"name":"wp","href":"https:\/\/api.w.org\/{rel}","templated":true}]}}